{"id":7,"date":"2018-03-12T15:11:18","date_gmt":"2018-03-12T15:11:18","guid":{"rendered":"https:\/\/wahnwegen.de\/?page_id=7"},"modified":"2018-07-09T17:10:23","modified_gmt":"2018-07-09T17:10:23","slug":"startseite","status":"publish","type":"page","link":"https:\/\/wahnwegen.de\/","title":{"rendered":"Gru\u00dfwort"},"content":{"rendered":"<p><em>Liebe Besucherinnen und Besucher,<\/em><\/p>\n<p><em>\u00a0<\/em><\/p>\n<p><em>ich hei\u00dfe Sie herzlich Willkommen auf unserer Homepage \u00fcber Wahnwegen.<\/em><\/p>\n<p><em>\u00a0<\/em><\/p>\n<p><em>Falls Sie Wahnwegen noch nicht kennen und sich informieren m\u00f6chten, sind Sie hier genau richtig.<\/em><\/p>\n<p><em>Gewinnen Sie einen ersten Eindruck von unserem sch\u00f6nen Dorf und seien Sie neugierig.<\/em><em>Die Geschichte von Wahnwegen reicht bis ins Jahr 1446 zur\u00fcck. Wahnwegen hat sich stets weiterentwickelt und sehr viel zu bieten.<\/em><em>Besonders das rege Vereinsleben sei an dieser Stelle zu betonen. Unter dem Motto Gemeinsam geht es besser ,<\/em><em style=\"font-size: 1rem;\">m\u00f6chten wir in den n\u00e4chsten Jahren den Zusammenhalt und das Miteinander st\u00e4rken und f\u00fcr Jung und Alt eine dauerhaft attraktive Gemeinde sein.<\/em><\/p>\n<p><em>\u00a0<\/em><em>F\u00fcr alle die Wahnwegen schon kennen, soll diese Homepage ein Informationsportal mit aktuellen Terminen und Themen sein, <\/em><\/p>\n<p><em>aber auch eine kleine Schatzkiste zum St\u00f6bern in der Vergangenheit.<\/em><\/p>\n<p><em>\u00a0<\/em><em>Nun w\u00fcnsche ich Ihnen noch viel Spa\u00df beim Surfen und hoffe, dass ich Sie hier regelm\u00e4\u00dfig begr\u00fc\u00dfen darf. <\/em><\/p>\n<p><em>F\u00fcr Anregungen und W\u00fcnsche sind wir immer offen.<\/em><\/p>\n<p><em>\u00a0<\/em><\/p>\n<p><em>Ihr Ren\u00e9 Morgenstern<\/em><\/p>\n<p><em>Ortsb\u00fcrgermeister Wahnwegen<\/em><\/p>\n","protected":false},"excerpt":{"rendered":"<p>Liebe Besucherinnen und Besucher, \u00a0 ich hei\u00dfe Sie herzlich Willkommen auf unserer Homepage \u00fcber Wahnwegen. \u00a0 Falls Sie Wahnwegen noch nicht kennen und sich informieren m\u00f6chten, sind Sie hier genau richtig. Gewinnen Sie einen ersten Eindruck von unserem sch\u00f6nen Dorf und seien Sie neugierig.Die Geschichte von Wahnwegen reicht bis ins Jahr 1446 zur\u00fcck. Wahnwegen hat &hellip; <\/p>\n<p class=\"link-more\"><a href=\"https:\/\/wahnwegen.de\/\" class=\"more-link\"><span class=\"screen-reader-text\">\u201eGru\u00dfwort\u201c <\/span>weiterlesen<\/a><\/p>\n","protected":false},"author":1,"featured_media":0,"parent":0,"menu_order":0,"comment_status":"closed","ping_status":"closed","template":"","meta":{"footnotes":""},"class_list":["post-7","page","type-page","status-publish","hentry"],"_links":{"self":[{"href":"https:\/\/wahnwegen.de\/index.php?rest_route=\/wp\/v2\/pages\/7","targetHints":{"allow":["GET"]}}],"collection":[{"href":"https:\/\/wahnwegen.de\/index.php?rest_route=\/wp\/v2\/pages"}],"about":[{"href":"https:\/\/wahnwegen.de\/index.php?rest_route=\/wp\/v2\/types\/page"}],"author":[{"embeddable":true,"href":"https:\/\/wahnwegen.de\/index.php?rest_route=\/wp\/v2\/users\/1"}],"replies":[{"embeddable":true,"href":"https:\/\/wahnwegen.de\/index.php?rest_route=%2Fwp%2Fv2%2Fcomments&post=7"}],"version-history":[{"count":3,"href":"https:\/\/wahnwegen.de\/index.php?rest_route=\/wp\/v2\/pages\/7\/revisions"}],"predecessor-version":[{"id":89,"href":"https:\/\/wahnwegen.de\/index.php?rest_route=\/wp\/v2\/pages\/7\/revisions\/89"}],"wp:attachment":[{"href":"https:\/\/wahnwegen.de\/index.php?rest_route=%2Fwp%2Fv2%2Fmedia&parent=7"}],"curies":[{"name":"wp","href":"https:\/\/api.w.org\/{rel}","templated":true}]}}